{"id":50,"date":"2022-01-20T20:02:44","date_gmt":"2022-01-20T20:02:44","guid":{"rendered":"https:\/\/plasg.com.br\/2022\/?page_id=50"},"modified":"2022-03-03T17:51:49","modified_gmt":"2022-03-03T17:51:49","slug":"empresa","status":"publish","type":"page","link":"https:\/\/plasg.com.br\/2022\/empresa\/","title":{"rendered":"Empresa"},"content":{"rendered":"\n<p>A&nbsp;<strong>PLASG<\/strong>&nbsp;fundada em 2002 e com Know-How de 40 anos no mercado de extrus\u00e3o de termopl\u00e1sticos, \u00e9 especializada na constru\u00e7\u00e3o de m\u00e1quinas e equipamentos para extrus\u00e3o de tubos e perfis t\u00e9cnicos em geral, tamb\u00e9m como pe\u00e7as de reposi\u00e7\u00e3o.<\/p>\n\n\n\n<p>Oferecemos ao mercado interno e externo uma solu\u00e7\u00e3o completa com alta qualidade e excelente desempenho.<\/p>\n\n\n\n<p>Fizemos da proximidade com nossos clientes uma ferramenta fundamental, para melhor atender a demanda sempre visando nosso objetivo, que \u00e9: <strong>A PLENA SATISFA\u00c7\u00c3O DOS NOSSOS CLIENTES!<\/strong><\/p>\n\n\n\n<h3 class=\"wp-block-heading\">Nossa Miss\u00e3o:<\/h3>\n\n\n\n<p>Desenvolver solu\u00e7\u00f5es integradas sob medida junto aos clientes, consolidando parcerias e assim colaborar efetivamente para o crescimento sustent\u00e1vel da empresa e do pa\u00eds.<\/p>\n\n\n\n<h3 class=\"wp-block-heading\">Nossa Vis\u00e3o:<\/h3>\n\n\n\n<p>Ter reconhecimento dentro do setor de atua\u00e7\u00e3o, buscando incessantemente a melhoria nos processos e a inova\u00e7\u00e3o tecnol\u00f3gica.<\/p>\n\n\n\n<h3 class=\"wp-block-heading\">Perfil e Valores:<\/h3>\n\n\n\n<p>Oferecer aos nossos clientes e consumidores em geral, equipamentos e pe\u00e7as com a qualidade e confiabilidade exigidas pelo mercado e excel\u00eancia no atendimento, sempre visando um futuro sustent\u00e1vel. Para isso compartilhamos nossos valores:<\/p>\n\n\n\n<p>&#8211; Comprometimento<\/p>\n\n\n\n<p>-Qualidade<\/p>\n\n\n\n<p>-Inova\u00e7\u00e3o<\/p>\n\n\n\n<p>-\u00c9tica<\/p>\n\n\n\n<p>-Familia<\/p>\n\n\n\n<p>-Responsabilidade S\u00f3cio Ambiental<\/p>\n\n\n\n<p>-Respeito<\/p>\n","protected":false},"excerpt":{"rendered":"<p>A&nbsp;PLASG&nbsp;fundada em 2002 e com Know-How de 40 anos no mercado de extrus\u00e3o de termopl\u00e1sticos, \u00e9 especializada na constru\u00e7\u00e3o de m\u00e1quinas e equipamentos para extrus\u00e3o de tubos e perfis t\u00e9cnicos em geral, tamb\u00e9m como pe\u00e7as de reposi\u00e7\u00e3o. Oferecemos ao mercado interno e externo uma solu\u00e7\u00e3o completa com alta qualidade e excelente desempenho. Fizemos da proximidade [&hellip;]<\/p>\n","protected":false},"author":1,"featured_media":149,"parent":0,"menu_order":0,"comment_status":"closed","ping_status":"closed","template":"","meta":{"footnotes":""},"class_list":["post-50","page","type-page","status-publish","has-post-thumbnail","hentry"],"_links":{"self":[{"href":"https:\/\/plasg.com.br\/2022\/wp-json\/wp\/v2\/pages\/50","targetHints":{"allow":["GET"]}}],"collection":[{"href":"https:\/\/plasg.com.br\/2022\/wp-json\/wp\/v2\/pages"}],"about":[{"href":"https:\/\/plasg.com.br\/2022\/wp-json\/wp\/v2\/types\/page"}],"author":[{"embeddable":true,"href":"https:\/\/plasg.com.br\/2022\/wp-json\/wp\/v2\/users\/1"}],"replies":[{"embeddable":true,"href":"https:\/\/plasg.com.br\/2022\/wp-json\/wp\/v2\/comments?post=50"}],"version-history":[{"count":2,"href":"https:\/\/plasg.com.br\/2022\/wp-json\/wp\/v2\/pages\/50\/revisions"}],"predecessor-version":[{"id":96,"href":"https:\/\/plasg.com.br\/2022\/wp-json\/wp\/v2\/pages\/50\/revisions\/96"}],"wp:featuredmedia":[{"embeddable":true,"href":"https:\/\/plasg.com.br\/2022\/wp-json\/wp\/v2\/media\/149"}],"wp:attachment":[{"href":"https:\/\/plasg.com.br\/2022\/wp-json\/wp\/v2\/media?parent=50"}],"curies":[{"name":"wp","href":"https:\/\/api.w.org\/{rel}","templated":true}]}}