{"id":154,"date":"2022-03-27T16:03:41","date_gmt":"2022-03-27T16:03:41","guid":{"rendered":"https:\/\/plasg.com.br\/2022\/?page_id=154"},"modified":"2022-03-27T16:03:44","modified_gmt":"2022-03-27T16:03:44","slug":"fabricacao-de-roscas-e-cilindros","status":"publish","type":"page","link":"https:\/\/plasg.com.br\/2022\/fabricacao-de-roscas-e-cilindros\/","title":{"rendered":"Fabrica\u00e7\u00e3o de Roscas e Cilindros"},"content":{"rendered":"\n<p>A <strong>Plasg <\/strong>est\u00e1 presente no mercado de fabrica\u00e7\u00e3o de roscas e cilindros a mais de 30 anos, trazendo o que h\u00e1 de melhor em mat\u00e9ria prima e alta tecnologia no processo de fabrica\u00e7\u00e3o.<\/p>\n\n\n\n<p>Temos uma equipe especializada para entregar projetos de alta qualidade e o melhor custo benef\u00edcio do mercado.<\/p>\n\n\n\n<p>Nossas Roscas s\u00e3o fabricadas em A\u00e7o SAE 8550 nitretadas (dureza superficial 68HRC), garantindo alta qualidade e durabilidade aos projetos, levando seguran\u00e7a e confiabilidade aos nossos clientes.<\/p>\n\n\n\n<figure class=\"wp-block-image size-large\"><img loading=\"lazy\" decoding=\"async\" width=\"768\" height=\"1024\" src=\"https:\/\/plasg.com.br\/2022\/wp-content\/uploads\/2022\/03\/WhatsApp-Image-2022-01-26-at-17.23.43-1-768x1024.jpeg\" alt=\"\" class=\"wp-image-130\" srcset=\"https:\/\/plasg.com.br\/2022\/wp-content\/uploads\/2022\/03\/WhatsApp-Image-2022-01-26-at-17.23.43-1-768x1024.jpeg 768w, https:\/\/plasg.com.br\/2022\/wp-content\/uploads\/2022\/03\/WhatsApp-Image-2022-01-26-at-17.23.43-1-225x300.jpeg 225w, https:\/\/plasg.com.br\/2022\/wp-content\/uploads\/2022\/03\/WhatsApp-Image-2022-01-26-at-17.23.43-1-1152x1536.jpeg 1152w, https:\/\/plasg.com.br\/2022\/wp-content\/uploads\/2022\/03\/WhatsApp-Image-2022-01-26-at-17.23.43-1.jpeg 1200w\" sizes=\"auto, (max-width: 768px) 100vw, 768px\" \/><\/figure>\n\n\n\n<figure class=\"wp-block-image size-large\"><img loading=\"lazy\" decoding=\"async\" width=\"768\" height=\"1024\" src=\"https:\/\/plasg.com.br\/2022\/wp-content\/uploads\/2022\/03\/WhatsApp-Image-2022-01-26-at-17.23.39-2-768x1024.jpeg\" alt=\"\" class=\"wp-image-127\" srcset=\"https:\/\/plasg.com.br\/2022\/wp-content\/uploads\/2022\/03\/WhatsApp-Image-2022-01-26-at-17.23.39-2-768x1024.jpeg 768w, https:\/\/plasg.com.br\/2022\/wp-content\/uploads\/2022\/03\/WhatsApp-Image-2022-01-26-at-17.23.39-2-225x300.jpeg 225w, https:\/\/plasg.com.br\/2022\/wp-content\/uploads\/2022\/03\/WhatsApp-Image-2022-01-26-at-17.23.39-2-1152x1536.jpeg 1152w, https:\/\/plasg.com.br\/2022\/wp-content\/uploads\/2022\/03\/WhatsApp-Image-2022-01-26-at-17.23.39-2.jpeg 1200w\" sizes=\"auto, (max-width: 768px) 100vw, 768px\" \/><\/figure>\n\n\n\n<figure class=\"wp-block-image size-large\"><img loading=\"lazy\" decoding=\"async\" width=\"1024\" height=\"576\" src=\"https:\/\/plasg.com.br\/2022\/wp-content\/uploads\/2022\/03\/DSC_0138-1024x576.jpg\" alt=\"\" class=\"wp-image-137\" srcset=\"https:\/\/plasg.com.br\/2022\/wp-content\/uploads\/2022\/03\/DSC_0138-1024x576.jpg 1024w, https:\/\/plasg.com.br\/2022\/wp-content\/uploads\/2022\/03\/DSC_0138-300x169.jpg 300w, https:\/\/plasg.com.br\/2022\/wp-content\/uploads\/2022\/03\/DSC_0138-768x432.jpg 768w, https:\/\/plasg.com.br\/2022\/wp-content\/uploads\/2022\/03\/DSC_0138-1536x864.jpg 1536w, https:\/\/plasg.com.br\/2022\/wp-content\/uploads\/2022\/03\/DSC_0138-2048x1152.jpg 2048w\" sizes=\"auto, (max-width: 1024px) 100vw, 1024px\" \/><\/figure>\n\n\n\n<p>Consulte nossa equipe e desenvolva o projeto que precisa conosco!<\/p>\n","protected":false},"excerpt":{"rendered":"<p>A Plasg est\u00e1 presente no mercado de fabrica\u00e7\u00e3o de roscas e cilindros a mais de 30 anos, trazendo o que h\u00e1 de melhor em mat\u00e9ria prima e alta tecnologia no processo de fabrica\u00e7\u00e3o. Temos uma equipe especializada para entregar projetos de alta qualidade e o melhor custo benef\u00edcio do mercado. Nossas Roscas s\u00e3o fabricadas em [&hellip;]<\/p>\n","protected":false},"author":1,"featured_media":0,"parent":0,"menu_order":0,"comment_status":"closed","ping_status":"closed","template":"","meta":{"footnotes":""},"class_list":["post-154","page","type-page","status-publish","hentry"],"_links":{"self":[{"href":"https:\/\/plasg.com.br\/2022\/wp-json\/wp\/v2\/pages\/154","targetHints":{"allow":["GET"]}}],"collection":[{"href":"https:\/\/plasg.com.br\/2022\/wp-json\/wp\/v2\/pages"}],"about":[{"href":"https:\/\/plasg.com.br\/2022\/wp-json\/wp\/v2\/types\/page"}],"author":[{"embeddable":true,"href":"https:\/\/plasg.com.br\/2022\/wp-json\/wp\/v2\/users\/1"}],"replies":[{"embeddable":true,"href":"https:\/\/plasg.com.br\/2022\/wp-json\/wp\/v2\/comments?post=154"}],"version-history":[{"count":1,"href":"https:\/\/plasg.com.br\/2022\/wp-json\/wp\/v2\/pages\/154\/revisions"}],"predecessor-version":[{"id":155,"href":"https:\/\/plasg.com.br\/2022\/wp-json\/wp\/v2\/pages\/154\/revisions\/155"}],"wp:attachment":[{"href":"https:\/\/plasg.com.br\/2022\/wp-json\/wp\/v2\/media?parent=154"}],"curies":[{"name":"wp","href":"https:\/\/api.w.org\/{rel}","templated":true}]}}